{"id":13,"date":"2024-02-26T16:47:03","date_gmt":"2024-02-26T16:47:03","guid":{"rendered":"https:\/\/cengojumpinghorses.rkinformatika.online\/?page_id=13"},"modified":"2024-02-27T13:30:09","modified_gmt":"2024-02-27T13:30:09","slug":"servicios","status":"publish","type":"page","link":"https:\/\/cengojumpinghorses.com\/eus\/servicios\/","title":{"rendered":"Zerbitzuak"},"content":{"rendered":"<div data-elementor-type=\"wp-page\" data-elementor-id=\"13\" class=\"elementor elementor-13\" data-elementor-post-type=\"page\">\n\t\t\t\t\t\t<section class=\"elementor-section elementor-top-section elementor-element elementor-element-f1e5b27 elementor-section-boxed elementor-section-height-default elementor-section-height-default\" data-id=\"f1e5b27\" data-element_type=\"section\" data-e-type=\"section\" data-settings=\"{&quot;background_background&quot;:&quot;classic&quot;}\">\n\t\t\t\t\t\t\t<div class=\"elementor-background-overlay\"><\/div>\n\t\t\t\t\t\t\t<div class=\"elementor-container elementor-column-gap-default\">\n\t\t\t\t\t<div class=\"elementor-column elementor-col-100 elementor-top-column elementor-element elementor-element-d68fe24\" data-id=\"d68fe24\" data-element_type=\"column\" data-e-type=\"column\">\n\t\t\t<div class=\"elementor-widget-wrap\">\n\t\t\t\t\t\t\t<\/div>\n\t\t<\/div>\n\t\t\t\t\t<\/div>\n\t\t<\/section>\n\t\t\t\t<section class=\"elementor-section elementor-top-section elementor-element elementor-element-7643bda4 elementor-section-boxed elementor-section-height-default elementor-section-height-default\" data-id=\"7643bda4\" data-element_type=\"section\" data-e-type=\"section\">\n\t\t\t\t\t\t<div class=\"elementor-container elementor-column-gap-default\">\n\t\t\t\t\t<div class=\"elementor-column elementor-col-100 elementor-top-column elementor-element elementor-element-37bb9cec\" data-id=\"37bb9cec\" data-element_type=\"column\" data-e-type=\"column\">\n\t\t\t<div class=\"elementor-widget-wrap elementor-element-populated\">\n\t\t\t\t\t\t<div class=\"elementor-element elementor-element-1d2a140d elementor-invisible elementor-widget elementor-widget-heading\" data-id=\"1d2a140d\" data-element_type=\"widget\" data-e-type=\"widget\" data-settings=\"{&quot;_animation&quot;:&quot;fadeInUp&quot;}\" data-widget_type=\"heading.default\">\n\t\t\t\t<div class=\"elementor-widget-container\">\n\t\t\t\t\t<h2 class=\"elementor-heading-title elementor-size-default\">Conoce Nuestros Servicios<\/h2>\t\t\t\t<\/div>\n\t\t\t\t<\/div>\n\t\t\t\t<section class=\"elementor-section elementor-inner-section elementor-element elementor-element-75951a8c elementor-section-boxed elementor-section-height-default elementor-section-height-default\" data-id=\"75951a8c\" data-element_type=\"section\" data-e-type=\"section\">\n\t\t\t\t\t\t<div class=\"elementor-container elementor-column-gap-default\">\n\t\t\t\t\t<div class=\"elementor-column elementor-col-33 elementor-inner-column elementor-element elementor-element-579df35e elementor-invisible\" data-id=\"579df35e\" data-element_type=\"column\" data-e-type=\"column\" data-settings=\"{&quot;animation&quot;:&quot;fadeInUp&quot;}\">\n\t\t\t<div class=\"elementor-widget-wrap elementor-element-populated\">\n\t\t\t\t\t\t<div class=\"elementor-element elementor-element-2ce329ff elementor-position-top elementor-widget elementor-widget-image-box\" data-id=\"2ce329ff\" data-element_type=\"widget\" data-e-type=\"widget\" data-widget_type=\"image-box.default\">\n\t\t\t\t<div class=\"elementor-widget-container\">\n\t\t\t\t\t<div class=\"elementor-image-box-wrapper\"><figure class=\"elementor-image-box-img\"><img fetchpriority=\"high\" decoding=\"async\" width=\"2000\" height=\"1333\" src=\"https:\/\/cengojumpinghorses.com\/wp-content\/uploads\/2024\/02\/close-up-of-horse-in-stable.jpg\" class=\"attachment-full size-full wp-image-300\" alt=\"Close up of horse in stable\" srcset=\"https:\/\/cengojumpinghorses.com\/wp-content\/uploads\/2024\/02\/close-up-of-horse-in-stable.jpg 2000w, https:\/\/cengojumpinghorses.com\/wp-content\/uploads\/2024\/02\/close-up-of-horse-in-stable-300x200.jpg 300w, https:\/\/cengojumpinghorses.com\/wp-content\/uploads\/2024\/02\/close-up-of-horse-in-stable-1024x682.jpg 1024w, https:\/\/cengojumpinghorses.com\/wp-content\/uploads\/2024\/02\/close-up-of-horse-in-stable-768x512.jpg 768w, https:\/\/cengojumpinghorses.com\/wp-content\/uploads\/2024\/02\/close-up-of-horse-in-stable-1536x1024.jpg 1536w, https:\/\/cengojumpinghorses.com\/wp-content\/uploads\/2024\/02\/close-up-of-horse-in-stable-18x12.jpg 18w\" sizes=\"(max-width: 2000px) 100vw, 2000px\" \/><\/figure><div class=\"elementor-image-box-content\"><h3 class=\"elementor-image-box-title\">Compra<\/h3><\/div><\/div>\t\t\t\t<\/div>\n\t\t\t\t<\/div>\n\t\t\t\t\t<\/div>\n\t\t<\/div>\n\t\t\t\t<div class=\"elementor-column elementor-col-33 elementor-inner-column elementor-element elementor-element-1c32015b elementor-invisible\" data-id=\"1c32015b\" data-element_type=\"column\" data-e-type=\"column\" data-settings=\"{&quot;animation&quot;:&quot;fadeInUp&quot;}\">\n\t\t\t<div class=\"elementor-widget-wrap elementor-element-populated\">\n\t\t\t\t\t\t<div class=\"elementor-element elementor-element-155e1b5 elementor-position-top elementor-widget elementor-widget-image-box\" data-id=\"155e1b5\" data-element_type=\"widget\" data-e-type=\"widget\" data-widget_type=\"image-box.default\">\n\t\t\t\t<div class=\"elementor-widget-container\">\n\t\t\t\t\t<div class=\"elementor-image-box-wrapper\"><figure class=\"elementor-image-box-img\"><img decoding=\"async\" width=\"2000\" height=\"1333\" src=\"https:\/\/cengojumpinghorses.com\/wp-content\/uploads\/2024\/02\/beautiful-woman-wearing-hat-with-horse.jpg\" class=\"attachment-full size-full wp-image-299\" alt=\"Beautiful woman wearing hat with horse\" srcset=\"https:\/\/cengojumpinghorses.com\/wp-content\/uploads\/2024\/02\/beautiful-woman-wearing-hat-with-horse.jpg 2000w, https:\/\/cengojumpinghorses.com\/wp-content\/uploads\/2024\/02\/beautiful-woman-wearing-hat-with-horse-300x200.jpg 300w, https:\/\/cengojumpinghorses.com\/wp-content\/uploads\/2024\/02\/beautiful-woman-wearing-hat-with-horse-1024x682.jpg 1024w, https:\/\/cengojumpinghorses.com\/wp-content\/uploads\/2024\/02\/beautiful-woman-wearing-hat-with-horse-768x512.jpg 768w, https:\/\/cengojumpinghorses.com\/wp-content\/uploads\/2024\/02\/beautiful-woman-wearing-hat-with-horse-1536x1024.jpg 1536w, https:\/\/cengojumpinghorses.com\/wp-content\/uploads\/2024\/02\/beautiful-woman-wearing-hat-with-horse-18x12.jpg 18w\" sizes=\"(max-width: 2000px) 100vw, 2000px\" \/><\/figure><div class=\"elementor-image-box-content\"><h3 class=\"elementor-image-box-title\">Venta<\/h3><\/div><\/div>\t\t\t\t<\/div>\n\t\t\t\t<\/div>\n\t\t\t\t\t<\/div>\n\t\t<\/div>\n\t\t\t\t<div class=\"elementor-column elementor-col-33 elementor-inner-column elementor-element elementor-element-11131145 elementor-invisible\" data-id=\"11131145\" data-element_type=\"column\" data-e-type=\"column\" data-settings=\"{&quot;animation&quot;:&quot;fadeInUp&quot;}\">\n\t\t\t<div class=\"elementor-widget-wrap elementor-element-populated\">\n\t\t\t\t\t\t<div class=\"elementor-element elementor-element-3eaa20a0 elementor-position-top elementor-widget elementor-widget-image-box\" data-id=\"3eaa20a0\" data-element_type=\"widget\" data-e-type=\"widget\" data-widget_type=\"image-box.default\">\n\t\t\t\t<div class=\"elementor-widget-container\">\n\t\t\t\t\t<div class=\"elementor-image-box-wrapper\"><figure class=\"elementor-image-box-img\"><img decoding=\"async\" width=\"2000\" height=\"1297\" src=\"https:\/\/cengojumpinghorses.com\/wp-content\/uploads\/2024\/02\/young-female-jockey-on-horse-leaping-over-hurdle.jpg\" class=\"attachment-full size-full wp-image-295\" alt=\"Young female jockey on horse leaping over hurdle\" srcset=\"https:\/\/cengojumpinghorses.com\/wp-content\/uploads\/2024\/02\/young-female-jockey-on-horse-leaping-over-hurdle.jpg 2000w, https:\/\/cengojumpinghorses.com\/wp-content\/uploads\/2024\/02\/young-female-jockey-on-horse-leaping-over-hurdle-300x195.jpg 300w, https:\/\/cengojumpinghorses.com\/wp-content\/uploads\/2024\/02\/young-female-jockey-on-horse-leaping-over-hurdle-1024x664.jpg 1024w, https:\/\/cengojumpinghorses.com\/wp-content\/uploads\/2024\/02\/young-female-jockey-on-horse-leaping-over-hurdle-768x498.jpg 768w, https:\/\/cengojumpinghorses.com\/wp-content\/uploads\/2024\/02\/young-female-jockey-on-horse-leaping-over-hurdle-1536x996.jpg 1536w, https:\/\/cengojumpinghorses.com\/wp-content\/uploads\/2024\/02\/young-female-jockey-on-horse-leaping-over-hurdle-18x12.jpg 18w\" sizes=\"(max-width: 2000px) 100vw, 2000px\" \/><\/figure><div class=\"elementor-image-box-content\"><h3 class=\"elementor-image-box-title\">Preparaci\u00f3n<\/h3><\/div><\/div>\t\t\t\t<\/div>\n\t\t\t\t<\/div>\n\t\t\t\t\t<\/div>\n\t\t<\/div>\n\t\t\t\t\t<\/div>\n\t\t<\/section>\n\t\t\t\t<div class=\"elementor-element elementor-element-4ee017b elementor-widget elementor-widget-text-editor\" data-id=\"4ee017b\" data-element_type=\"widget\" data-e-type=\"widget\" data-widget_type=\"text-editor.default\">\n\t\t\t\t<div class=\"elementor-widget-container\">\n\t\t\t\t\t\t\t\t\t<p>Preparaci\u00f3n de caballos de competici\u00f3n en la categor\u00eda de salto de obst\u00e1culos.<\/p>\t\t\t\t\t\t\t\t<\/div>\n\t\t\t\t<\/div>\n\t\t\t\t\t<\/div>\n\t\t<\/div>\n\t\t\t\t\t<\/div>\n\t\t<\/section>\n\t\t\t\t<section class=\"elementor-section elementor-top-section elementor-element elementor-element-66e0a98d elementor-section-height-min-height elementor-section-boxed elementor-section-height-default elementor-section-items-middle\" data-id=\"66e0a98d\" data-element_type=\"section\" data-e-type=\"section\" data-settings=\"{&quot;background_background&quot;:&quot;classic&quot;}\">\n\t\t\t\t\t\t\t<div class=\"elementor-background-overlay\"><\/div>\n\t\t\t\t\t\t\t<div class=\"elementor-container elementor-column-gap-default\">\n\t\t\t\t\t<div class=\"elementor-column elementor-col-50 elementor-top-column elementor-element elementor-element-202c0592\" data-id=\"202c0592\" data-element_type=\"column\" data-e-type=\"column\">\n\t\t\t<div class=\"elementor-widget-wrap elementor-element-populated\">\n\t\t\t\t\t\t<div class=\"elementor-element elementor-element-7d775725 elementor-widget-tablet__width-initial elementor-widget-mobile__width-initial elementor-invisible elementor-widget elementor-widget-heading\" data-id=\"7d775725\" data-element_type=\"widget\" data-e-type=\"widget\" data-settings=\"{&quot;_animation&quot;:&quot;fadeInUp&quot;}\" data-widget_type=\"heading.default\">\n\t\t\t\t<div class=\"elementor-widget-container\">\n\t\t\t\t\t<h2 class=\"elementor-heading-title elementor-size-default\">\u00bfA qu\u00e9 esperas para empezar a competir?<\/h2>\t\t\t\t<\/div>\n\t\t\t\t<\/div>\n\t\t\t\t\t<\/div>\n\t\t<\/div>\n\t\t\t\t<div class=\"elementor-column elementor-col-50 elementor-top-column elementor-element elementor-element-2a9bfbd9\" data-id=\"2a9bfbd9\" data-element_type=\"column\" data-e-type=\"column\">\n\t\t\t<div class=\"elementor-widget-wrap elementor-element-populated\">\n\t\t\t\t\t\t<div class=\"elementor-element elementor-element-bb8debc elementor-align-right elementor-mobile-align-center elementor-invisible elementor-widget elementor-widget-button\" data-id=\"bb8debc\" data-element_type=\"widget\" data-e-type=\"widget\" data-settings=\"{&quot;_animation&quot;:&quot;fadeInRight&quot;}\" data-widget_type=\"button.default\">\n\t\t\t\t<div class=\"elementor-widget-container\">\n\t\t\t\t\t\t\t\t\t<div class=\"elementor-button-wrapper\">\n\t\t\t\t\t<a class=\"elementor-button elementor-button-link elementor-size-sm\" href=\"https:\/\/api.whatsapp.com\/send\/?phone=34656308235&#038;text&#038;type=phone_number&#038;app_absent=0\">\n\t\t\t\t\t\t<span class=\"elementor-button-content-wrapper\">\n\t\t\t\t\t\t\t\t\t<span class=\"elementor-button-text\">Escr\u00edbenos<\/span>\n\t\t\t\t\t<\/span>\n\t\t\t\t\t<\/a>\n\t\t\t\t<\/div>\n\t\t\t\t\t\t\t\t<\/div>\n\t\t\t\t<\/div>\n\t\t\t\t\t<\/div>\n\t\t<\/div>\n\t\t\t\t\t<\/div>\n\t\t<\/section>\n\t\t\t\t<\/div>","protected":false},"excerpt":{"rendered":"<p>Conoce Nuestros Servicios Compra Venta Preparaci\u00f3n Preparaci\u00f3n de caballos de competici\u00f3n en la categor\u00eda de salto de obst\u00e1culos. \u00bfA qu\u00e9 esperas para empezar a competir? Escr\u00edbenos<\/p>","protected":false},"author":1,"featured_media":0,"parent":0,"menu_order":0,"comment_status":"closed","ping_status":"closed","template":"elementor_canvas","meta":{"footnotes":""},"class_list":["post-13","page","type-page","status-publish","hentry"],"yoast_head":"<!-- This site is optimized with the Yoast SEO plugin v27.5 - https:\/\/yoast.com\/product\/yoast-seo-wordpress\/ -->\n<title>Servicios - Cengo Jumping Horses, S.L.<\/title>\n<meta name=\"robots\" content=\"index, follow, max-snippet:-1, max-image-preview:large, max-video-preview:-1\" \/>\n<link rel=\"canonical\" href=\"https:\/\/cengojumpinghorses.com\/eus\/servicios\/\" \/>\n<meta property=\"og:locale\" content=\"en_US\" \/>\n<meta property=\"og:type\" content=\"article\" \/>\n<meta property=\"og:title\" content=\"Servicios - Cengo Jumping Horses, S.L.\" \/>\n<meta property=\"og:description\" content=\"Conoce Nuestros Servicios Compra Venta Preparaci\u00f3n Preparaci\u00f3n de caballos de competici\u00f3n en la categor\u00eda de salto de obst\u00e1culos. \u00bfA qu\u00e9 esperas para empezar a competir? Escr\u00edbenos\" \/>\n<meta property=\"og:url\" content=\"https:\/\/cengojumpinghorses.com\/eus\/servicios\/\" \/>\n<meta property=\"og:site_name\" content=\"Cengo Jumping Horses, S.L.\" \/>\n<meta property=\"article:modified_time\" content=\"2024-02-27T13:30:09+00:00\" \/>\n<meta property=\"og:image\" content=\"https:\/\/cengojumpinghorses.com\/wp-content\/uploads\/2024\/02\/close-up-of-horse-in-stable.jpg\" \/>\n<meta name=\"twitter:card\" content=\"summary_large_image\" \/>\n<meta name=\"twitter:label1\" content=\"Est. reading time\" \/>\n\t<meta name=\"twitter:data1\" content=\"1 minutua\" \/>\n<script type=\"application\/ld+json\" class=\"yoast-schema-graph\">{\"@context\":\"https:\\\/\\\/schema.org\",\"@graph\":[{\"@type\":\"WebPage\",\"@id\":\"https:\\\/\\\/cengojumpinghorses.com\\\/servicios\\\/\",\"url\":\"https:\\\/\\\/cengojumpinghorses.com\\\/servicios\\\/\",\"name\":\"Servicios - Cengo Jumping Horses, S.L.\",\"isPartOf\":{\"@id\":\"https:\\\/\\\/cengojumpinghorses.com\\\/#website\"},\"primaryImageOfPage\":{\"@id\":\"https:\\\/\\\/cengojumpinghorses.com\\\/servicios\\\/#primaryimage\"},\"image\":{\"@id\":\"https:\\\/\\\/cengojumpinghorses.com\\\/servicios\\\/#primaryimage\"},\"thumbnailUrl\":\"https:\\\/\\\/cengojumpinghorses.com\\\/wp-content\\\/uploads\\\/2024\\\/02\\\/close-up-of-horse-in-stable.jpg\",\"datePublished\":\"2024-02-26T16:47:03+00:00\",\"dateModified\":\"2024-02-27T13:30:09+00:00\",\"breadcrumb\":{\"@id\":\"https:\\\/\\\/cengojumpinghorses.com\\\/servicios\\\/#breadcrumb\"},\"inLanguage\":\"eu\",\"potentialAction\":[{\"@type\":\"ReadAction\",\"target\":[\"https:\\\/\\\/cengojumpinghorses.com\\\/servicios\\\/\"]}]},{\"@type\":\"ImageObject\",\"inLanguage\":\"eu\",\"@id\":\"https:\\\/\\\/cengojumpinghorses.com\\\/servicios\\\/#primaryimage\",\"url\":\"https:\\\/\\\/cengojumpinghorses.com\\\/wp-content\\\/uploads\\\/2024\\\/02\\\/close-up-of-horse-in-stable.jpg\",\"contentUrl\":\"https:\\\/\\\/cengojumpinghorses.com\\\/wp-content\\\/uploads\\\/2024\\\/02\\\/close-up-of-horse-in-stable.jpg\"},{\"@type\":\"BreadcrumbList\",\"@id\":\"https:\\\/\\\/cengojumpinghorses.com\\\/servicios\\\/#breadcrumb\",\"itemListElement\":[{\"@type\":\"ListItem\",\"position\":1,\"name\":\"Portada\",\"item\":\"https:\\\/\\\/cengojumpinghorses.com\\\/\"},{\"@type\":\"ListItem\",\"position\":2,\"name\":\"Servicios\"}]},{\"@type\":\"WebSite\",\"@id\":\"https:\\\/\\\/cengojumpinghorses.com\\\/#website\",\"url\":\"https:\\\/\\\/cengojumpinghorses.com\\\/\",\"name\":\"Cengo Jumping Horses, S.L.\",\"description\":\"Compraventa y preparaci\u00f3n de caballos de competici\u00f3n en la categor\u00eda de salto de obst\u00e1culos. \",\"publisher\":{\"@id\":\"https:\\\/\\\/cengojumpinghorses.com\\\/#organization\"},\"potentialAction\":[{\"@type\":\"SearchAction\",\"target\":{\"@type\":\"EntryPoint\",\"urlTemplate\":\"https:\\\/\\\/cengojumpinghorses.com\\\/?s={search_term_string}\"},\"query-input\":{\"@type\":\"PropertyValueSpecification\",\"valueRequired\":true,\"valueName\":\"search_term_string\"}}],\"inLanguage\":\"eu\"},{\"@type\":\"Organization\",\"@id\":\"https:\\\/\\\/cengojumpinghorses.com\\\/#organization\",\"name\":\"Cengo Jumping Horses, S.L.\",\"url\":\"https:\\\/\\\/cengojumpinghorses.com\\\/\",\"logo\":{\"@type\":\"ImageObject\",\"inLanguage\":\"eu\",\"@id\":\"https:\\\/\\\/cengojumpinghorses.com\\\/#\\\/schema\\\/logo\\\/image\\\/\",\"url\":\"https:\\\/\\\/cengojumpinghorses.com\\\/wp-content\\\/uploads\\\/2024\\\/02\\\/cropped-horses_Mesa-de-trabajo-1-1.png\",\"contentUrl\":\"https:\\\/\\\/cengojumpinghorses.com\\\/wp-content\\\/uploads\\\/2024\\\/02\\\/cropped-horses_Mesa-de-trabajo-1-1.png\",\"width\":1920,\"height\":732,\"caption\":\"Cengo Jumping Horses, S.L.\"},\"image\":{\"@id\":\"https:\\\/\\\/cengojumpinghorses.com\\\/#\\\/schema\\\/logo\\\/image\\\/\"}}]}<\/script>\n<!-- \/ Yoast SEO plugin. -->","yoast_head_json":{"title":"Servicios - Cengo Jumping Horses, S.L.","robots":{"index":"index","follow":"follow","max-snippet":"max-snippet:-1","max-image-preview":"max-image-preview:large","max-video-preview":"max-video-preview:-1"},"canonical":"https:\/\/cengojumpinghorses.com\/eus\/servicios\/","og_locale":"en_US","og_type":"article","og_title":"Servicios - Cengo Jumping Horses, S.L.","og_description":"Conoce Nuestros Servicios Compra Venta Preparaci\u00f3n Preparaci\u00f3n de caballos de competici\u00f3n en la categor\u00eda de salto de obst\u00e1culos. \u00bfA qu\u00e9 esperas para empezar a competir? Escr\u00edbenos","og_url":"https:\/\/cengojumpinghorses.com\/eus\/servicios\/","og_site_name":"Cengo Jumping Horses, S.L.","article_modified_time":"2024-02-27T13:30:09+00:00","og_image":[{"url":"https:\/\/cengojumpinghorses.com\/wp-content\/uploads\/2024\/02\/close-up-of-horse-in-stable.jpg","type":"","width":"","height":""}],"twitter_card":"summary_large_image","twitter_misc":{"Est. reading time":"1 minutua"},"schema":{"@context":"https:\/\/schema.org","@graph":[{"@type":"WebPage","@id":"https:\/\/cengojumpinghorses.com\/servicios\/","url":"https:\/\/cengojumpinghorses.com\/servicios\/","name":"Servicios - Cengo Jumping Horses, S.L.","isPartOf":{"@id":"https:\/\/cengojumpinghorses.com\/#website"},"primaryImageOfPage":{"@id":"https:\/\/cengojumpinghorses.com\/servicios\/#primaryimage"},"image":{"@id":"https:\/\/cengojumpinghorses.com\/servicios\/#primaryimage"},"thumbnailUrl":"https:\/\/cengojumpinghorses.com\/wp-content\/uploads\/2024\/02\/close-up-of-horse-in-stable.jpg","datePublished":"2024-02-26T16:47:03+00:00","dateModified":"2024-02-27T13:30:09+00:00","breadcrumb":{"@id":"https:\/\/cengojumpinghorses.com\/servicios\/#breadcrumb"},"inLanguage":"eu","potentialAction":[{"@type":"ReadAction","target":["https:\/\/cengojumpinghorses.com\/servicios\/"]}]},{"@type":"ImageObject","inLanguage":"eu","@id":"https:\/\/cengojumpinghorses.com\/servicios\/#primaryimage","url":"https:\/\/cengojumpinghorses.com\/wp-content\/uploads\/2024\/02\/close-up-of-horse-in-stable.jpg","contentUrl":"https:\/\/cengojumpinghorses.com\/wp-content\/uploads\/2024\/02\/close-up-of-horse-in-stable.jpg"},{"@type":"BreadcrumbList","@id":"https:\/\/cengojumpinghorses.com\/servicios\/#breadcrumb","itemListElement":[{"@type":"ListItem","position":1,"name":"Portada","item":"https:\/\/cengojumpinghorses.com\/"},{"@type":"ListItem","position":2,"name":"Servicios"}]},{"@type":"WebSite","@id":"https:\/\/cengojumpinghorses.com\/#website","url":"https:\/\/cengojumpinghorses.com\/","name":"Cengo Jumping Horses, S.L.","description":"Compraventa y preparaci\u00f3n de caballos de competici\u00f3n en la categor\u00eda de salto de obst\u00e1culos.","publisher":{"@id":"https:\/\/cengojumpinghorses.com\/#organization"},"potentialAction":[{"@type":"SearchAction","target":{"@type":"EntryPoint","urlTemplate":"https:\/\/cengojumpinghorses.com\/?s={search_term_string}"},"query-input":{"@type":"PropertyValueSpecification","valueRequired":true,"valueName":"search_term_string"}}],"inLanguage":"eu"},{"@type":"Organization","@id":"https:\/\/cengojumpinghorses.com\/#organization","name":"Cengo Jumping Horses, S.L.","url":"https:\/\/cengojumpinghorses.com\/","logo":{"@type":"ImageObject","inLanguage":"eu","@id":"https:\/\/cengojumpinghorses.com\/#\/schema\/logo\/image\/","url":"https:\/\/cengojumpinghorses.com\/wp-content\/uploads\/2024\/02\/cropped-horses_Mesa-de-trabajo-1-1.png","contentUrl":"https:\/\/cengojumpinghorses.com\/wp-content\/uploads\/2024\/02\/cropped-horses_Mesa-de-trabajo-1-1.png","width":1920,"height":732,"caption":"Cengo Jumping Horses, S.L."},"image":{"@id":"https:\/\/cengojumpinghorses.com\/#\/schema\/logo\/image\/"}}]}},"_links":{"self":[{"href":"https:\/\/cengojumpinghorses.com\/eus\/wp-json\/wp\/v2\/pages\/13","targetHints":{"allow":["GET"]}}],"collection":[{"href":"https:\/\/cengojumpinghorses.com\/eus\/wp-json\/wp\/v2\/pages"}],"about":[{"href":"https:\/\/cengojumpinghorses.com\/eus\/wp-json\/wp\/v2\/types\/page"}],"author":[{"embeddable":true,"href":"https:\/\/cengojumpinghorses.com\/eus\/wp-json\/wp\/v2\/users\/1"}],"replies":[{"embeddable":true,"href":"https:\/\/cengojumpinghorses.com\/eus\/wp-json\/wp\/v2\/comments?post=13"}],"version-history":[{"count":97,"href":"https:\/\/cengojumpinghorses.com\/eus\/wp-json\/wp\/v2\/pages\/13\/revisions"}],"predecessor-version":[{"id":484,"href":"https:\/\/cengojumpinghorses.com\/eus\/wp-json\/wp\/v2\/pages\/13\/revisions\/484"}],"wp:attachment":[{"href":"https:\/\/cengojumpinghorses.com\/eus\/wp-json\/wp\/v2\/media?parent=13"}],"curies":[{"name":"wp","href":"https:\/\/api.w.org\/{rel}","templated":true}]}}